{"id":1151,"date":"2025-09-20T08:12:15","date_gmt":"2025-09-20T08:12:15","guid":{"rendered":"https:\/\/saxprint.hr\/druck\/"},"modified":"2026-03-25T07:47:51","modified_gmt":"2026-03-25T07:47:51","slug":"druck","status":"publish","type":"page","link":"https:\/\/saxprint.hr\/de\/druck\/","title":{"rendered":"Druck"},"content":{"rendered":"<h1>Druck<\/h1>\n<h2>Druck nach Farbtyp<\/h2>\n<p>Wir sind spezialisiert auf fortschrittliche Drucktechniken, die eine breite Palette an Spezialfarben, Beschichtungen und funktionalen Anwendungen umfassen. Unsere Technologie erm\u00f6glicht hohe Pr\u00e4zision, Langlebigkeit und Anwendung in industriellen, kommerziellen und technischen L\u00f6sungen. <\/p>\n<h3>\n Druck mit Spezialfarben <\/h3>\n<h3>\n Druck mit Spezialfarben <\/h3>\n<p> Druck mit fluoreszierenden, phosphoreszierenden, lumineszierenden und Metallic-Farben. Dazu geh\u00f6ren auch Farben f\u00fcr die Verkehrszeichen, Rubbelfarben (Scratch-off), Duftfarben (Scratch &amp; Sniff) oder stromleitende Metallfarben.  <\/p>\n<h3>\n Druck mit Zweikomponentenfarben <\/h3>\n<h3>\n Druck mit Zweikomponentenfarben <\/h3>\n<p> Langlebige, hochbest\u00e4ndige Farben, ideal f\u00fcr Oberfl\u00e4chen, die Kratzern, Abnutzung und Abrieb ausgesetzt sind. <\/p>\n<h3>\n Klebstoffdruck <\/h3>\n<h3>\n Klebstoffdruck <\/h3>\n<p> Anwendung von Spezialklebstoffen f\u00fcr Blisterverpackungen, Kalt- und Hei\u00dfanwendungen. <\/p>\n<h3>\n Lackdruck <\/h3>\n<h3>\n Lackdruck <\/h3>\n<p> Druck verschiedener Lackarten, einschlie\u00dflich Schutzlacken, die das Produkt vor UV-Strahlung sch\u00fctzen, sowie Relieflacken, die f\u00fcr den Druck von Brailleschrift oder als dekorativer Effekt verwendet werden. <\/p>\n<h3>\n Druck von Z\u00fcndfl\u00e4chen f\u00fcr Streichh\u00f6lzer <\/h3>\n<h3>\n Druck von Z\u00fcndfl\u00e4chen f\u00fcr Streichh\u00f6lzer <\/h3>\n<p> Druck von Spezialfarben f\u00fcr Streichholzverpackungen. <\/p>\n<h3>\n Druck mit Tiefziehfarben <\/h3>\n<h3>\n Druck mit Tiefziehfarben <\/h3>\n<p> Druck mit Farben, die f\u00fcr Produkte bestimmt sind, die einem Tiefziehprozess unterzogen werden, wie z. B. Leuchtreklamen. <\/p>\n<h2>Druck nach Material<\/h2>\n<p>Wir bieten spezialisierte Druckdienstleistungen auf einer breiten Palette von Materialien an, zugeschnitten auf industrielle, kommerzielle und kreative Bed\u00fcrfnisse.<\/p>\n<h3>\n Druck auf Polymere <\/h3>\n<h3>\n Druck auf Polymere <\/h3>\n<p> Druck auf PE-, PP- und PMMA-Materialien. Ideal f\u00fcr Folientastaturen, Werbetafeln, Aufkleber, Industriekennzeichnungen und andere Produkte, die hohe Haltbarkeit erfordern.  <\/p>\n<h3>\n Druck auf Glas und Keramikglas <\/h3>\n<h3>\n Druck auf Glas und Keramikglas <\/h3>\n<p> Druck auf Glasoberfl\u00e4chen, einschlie\u00dflich Keramikglas f\u00fcr Kamine und \u00d6fen. Unsere spezielle Technik garantiert Langlebigkeit und Best\u00e4ndigkeit bei hohen Temperaturen.  <\/p>\n<h3>\n Druck auf Aluminium, Edelstahl und andere Materialien <\/h3>\n<h3>\n Druck auf Aluminium, Edelstahl und andere Materialien <\/h3>\n<p> Druck auf Aluminium, Edelstahl (Inox) und andere Metalle mit Einbrenndienstleistung. Ideal f\u00fcr Identifikations-, Inventar- und Seriennummernschilder, Metallgriffe und andere Metallprodukte.  <\/p>\n<h3>\n Textildruck <\/h3>\n<h3>\n Textildruck <\/h3>\n<p> Druck auf verschiedene Textilarten mit einer breiten Auswahl an Textilfarben und Effekten. Im Angebot sind Farben auf PVC-, Wasser- oder Bleichmittelbasis (Discharge-Farben). Geeignet f\u00fcr Bekleidung, Werbematerialien oder Textildekorationen.   <\/p>\n<h3>\n Druck auf Papier, Karton und Pappe <\/h3>\n<h3>\n Druck auf Papier, Karton und Pappe <\/h3>\n<h2>Druck nach Produkttyp<\/h2>\n<p>Unsere Produktion umfasst spezialisierten Druck auf verschiedenen Produkttypen, unter Anwendung fortschrittlicher Technologien und industriell bew\u00e4hrter Materialien.<\/p>\n<h3>\n Druck von Elektronik und Folientastaturen <\/h3>\n<h3>\n Druck von Elektronik und Folientastaturen <\/h3>\n<p> Druck mit leitf\u00e4higen und nichtleitf\u00e4higen Farben f\u00fcr elektronische Schaltungen, Membrantastaturen und Folientastaturen. Ideal f\u00fcr Touchscreens, wie sie zur T\u00fcrsteuerung verwendet werden.  <\/p>\n<h3>\n Druck von doppelseitigen Farbetiketten <\/h3>\n<h3>\n Druck von doppelseitigen Farbetiketten <\/h3>\n<p> Hochwertiger doppelseitiger Farbdruck f\u00fcr Etiketten, die von beiden Seiten sichtbar sein m\u00fcssen \u2013 ideal f\u00fcr transparente Verpackungen, Glasoberfl\u00e4chen und Werbematerialien. <\/p>\n<h3>\n Druck von selbstklebenden Etiketten <\/h3>\n<h3>\n Druck von selbstklebenden Etiketten <\/h3>\n<p> Herstellung von langlebigen selbstklebenden Etiketten aus PP und PE, best\u00e4ndig gegen Feuchtigkeit, Abrieb und chemische Einfl\u00fcsse. Geeignet f\u00fcr industrielle Anwendungen und Produktkennzeichnung.  <\/p>\n<h2>Weitere Techniken<\/h2>\n<p>Neben den Standarddruckverfahren bieten wir auch eine Reihe spezialisierter Techniken an, die die Herstellung komplexer, \u00e4sthetischer und technisch anspruchsvoller L\u00f6sungen erm\u00f6glichen.<\/p>\n<h3>\n Gro\u00dfformatdruck <\/h3>\n<h3>\n Gro\u00dfformatdruck <\/h3>\n<p> Mit der Siebdrucktechnik bedrucken wir Standardformate bis B0, und \u00fcber B0 hinaus drucken wir bis zu 2200 x 1200 mm. Typischerweise wird dies bei Industrieplatten, Werbefl\u00e4chen und Beschilderungen angewendet.  <\/p>\n<h3>\n Rotationsdruck <\/h3>\n<h3>\n Rotationsdruck <\/h3>\n<p> Druck auf runde, gekr\u00fcmmte, konische und zylindrische Objekte. Geeignet f\u00fcr Flaschen, Gl\u00e4ser, Beh\u00e4lter, Tuben und alle Produkte, die eine perfekte Anpassung an die Form erfordern.  <\/p>\n<h3>\n Tampondruck <\/h3>\n<h3>\n Tampondruck <\/h3>\n<p> Pr\u00e4ziser Druck auf kleine und gekr\u00fcmmte Objekte wie Stifte, Feuerzeuge, Gl\u00e4ser und Werbeartikel. Hervorragend geeignet f\u00fcr Branding und Personalisierung von Produkten mit unregelm\u00e4\u00dfigen Formen.  <\/p>\n<h3>\n Kunstdruck <\/h3>\n<h3>\n Kunstdruck <\/h3>\n<p> Erstellung von mehrfarbigen Grafiken, Kunstreproduktionen und Sammlereditionen. Hohe Fertigungsqualit\u00e4t, Originaltreue und Anpassungsm\u00f6glichkeiten an die Anforderungen des K\u00fcnstlers.  <\/p>\n<h2>Bestellung ohne Komplikationen<\/h2>\n<h4>Beratung<\/h4>\n<p style=\"text-align: center;\">Unsere Siebdruckexperten h\u00f6ren Ihnen aufmerksam zu, um Ihre Bed\u00fcrfnisse zu verstehen und Sie \u00fcber die besten Optionen zu beraten. Egal, ob Sie eine klare Vision haben oder Inspiration suchen, gemeinsam finden wir eine L\u00f6sung. <\/p>\n<h4>Design<\/h4>\n<p style=\"text-align: center;\">Haben Sie bereits ein fertiges Design? Senden Sie es uns zu, und unser Team wird es verfeinern und f\u00fcr den Druck vorbereiten. Wenn Sie ein Design von Grund auf ben\u00f6tigen, stehen Ihnen unsere talentierten Designer zur Verf\u00fcgung. Gemeinsam erstellen wir ein Design, das Ihre Vision perfekt widerspiegelt.   <\/p>\n<p>\t\t\t<svg xmlns=\"http:\/\/www.w3.org\/2000\/svg\" preserveaspectratio=\"xMidYMid meet\" viewbox=\"38.1 35 229.82 231.82\"><metadata>Created by potrace 1.10, written by Peter Selinger 2001-2011<\/metadata><g transform=\"translate(0.000000,300.000000) scale(0.100000,-0.100000)\" fill=\"#BA0000\" stroke=\"none\"><path d=\"M1804 2596 c-94 -46 -930 -475 -1234 -633 -122 -63 -153 -90 -176 -150 -24 -63 -15 -130 29 -200 54 -89 60 -124 52 -309 l-7 -163 25 -25 c15 -14 35 -26 47 -26 18 0 20 -6 20 -54 0 -63 16 -86 60 -86 15 0 61 -20 101 -44 41 -25 238 -140 439 -255 395 -229 395 -229 477 -192 70 33 99 106 58 151 -10 11 -87 59 -171 107 -84 47 -156 93 -159 100 -3 8 8 28 24 44 57 57 55 58 584 -247 320 -185 492 -278 517 -281 21 -3 54 0 73 6 43 14 97 73 97 104 0 58 -28 78 -406 296 -203 117 -375 219 -383 226 -19 19 -7 58 23 74 59 32 90 22 294 -98 219 -129 250 -138 325 -102 56 27 86 77 71 118 -10 29 -29 43 -204 146 -115 68 -132 92 -87 122 46 30 91 30 142 0 86 -50 188 -29 229 47 37 68 30 75 -299 264 l-294 169 -1 58 c0 44 5 65 20 84 26 33 25 57 -6 183 -22 90 -25 118 -19 193 4 53 14 106 26 133 20 45 27 123 14 166 -20 64 -102 127 -166 128 -14 0 -75 -24 -135 -54z m195 -42 c38 -32 54 -86 41 -134 -11 -37 -28 -64 -45 -71 -6 -2 -174 -89 -373 -194 -266 -140 -362 -195 -362 -207 0 -10 7 -18 17 -18 9 0 176 83 370 185 194 102 355 185 357 185 2 0 0 -19 -5 -42 -14 -73 -10 -129 17 -236 14 -57 24 -113 22 -124 -2 -16 -146 -96 -653 -362 -570 -300 -650 -339 -653 -321 -1 11 -10 62 -19 114 -19 110 -13 277 11 336 22 52 21 117 -3 146 -16 19 -22 22 -32 11 -11 -10 -11 -19 0 -47 11 -31 10 -43 -7 -93 -33 -95 -37 -227 -12 -371 11 -68 19 -130 16 -138 -11 -27 -25 -12 -28 30 -3 42 -3 42 -45 45 -38 3 -43 0 -48 -21 -4 -14 -5 -33 -3 -43 1 -11 -2 -19 -7 -19 -6 0 -10 69 -10 180 0 195 0 197 -75 325 -24 42 -26 102 -3 141 17 29 42 43 693 377 129 67 352 182 495 256 143 74 272 135 287 136 14 0 40 -12 57 -26z m21 -786 l0 -53 -133 -67 c-185 -94 -1133 -584 -1185 -613 l-42 -24 0 47 1 47 627 328 c345 180 650 341 677 356 28 16 51 29 53 30 1 1 2 -23 2 -51z m315 -267 c201 -117 291 -175 293 -188 4 -26 -38 -63 -80 -69 -26 -5 -48 1 -89 22 -88 45 -184 30 -222 -35 -40 -67 -23 -88 157 -191 116 -67 146 -88 146 -105 0 -33 -34 -57 -88 -63 -44 -4 -55 1 -162 63 -299 176 -324 185 -403 151 -66 -28 -97 -100 -60 -143 10 -12 180 -115 378 -229 198 -114 370 -216 383 -227 48 -44 15 -97 -65 -104 -47 -5 -54 -1 -528 272 -308 178 -493 279 -516 282 -104 14 -194 -82 -144 -153 8 -12 84 -61 169 -109 85 -49 158 -95 161 -103 9 -24 -3 -46 -34 -65 -63 -37 -72 -33 -520 225 -230 134 -416 246 -413 249 4 3 135 72 292 152 157 81 454 234 660 341 206 107 380 195 385 195 6 0 141 -75 300 -168z m-1718 -458 c-2 -32 -3 -6 -3 57 0 63 1 89 3 58 2 -32 2 -84 0 -115z\"><\/path><path d=\"M1067 1864 c-84 -43 -106 -67 -73 -80 20 -8 180 77 184 97 6 31 -24 26 -111 -17z\"><\/path><\/g><\/svg>\t\t\t<\/p>\n<h4>Druck<\/h4>\n<p style=\"text-align: center;\">Nachdem das Design genehmigt wurde, gehen wir zum Siebdruck \u00fcber. Dabei achten wir auf jedes Detail, um die hohe Qualit\u00e4t jedes Drucks zu gew\u00e4hrleisten. Ihr Projekt ist in sicheren H\u00e4nden!  <\/p>\n<h4>Abholung<\/h4>\n<p style=\"text-align: center;\">Wenn Ihr Projekt abgeschlossen ist, ist es Zeit f\u00fcr die Abholung. Sie k\u00f6nnen Ihre Produkte pers\u00f6nlich abholen oder wir liefern sie an Ihre Adresse. <\/p>\n","protected":false},"excerpt":{"rendered":"<p>Druck Druck nach Farbtyp Wir sind spezialisiert auf fortschrittliche Drucktechniken, die eine breite Palette an Spezialfarben, Beschichtungen und funktionalen Anwendungen umfassen. Unsere Technologie erm\u00f6glicht hohe Pr\u00e4zision, Langlebigkeit und Anwendung in industriellen, kommerziellen und technischen L\u00f6sungen. Druck mit Spezialfarben Druck mit Spezialfarben Druck mit fluoreszierenden, phosphoreszierenden, lumineszierenden und Metallic-Farben. Dazu geh\u00f6ren auch Farben f\u00fcr die Verkehrszeichen, [&hellip;]<\/p>\n","protected":false},"author":1,"featured_media":0,"parent":0,"menu_order":0,"comment_status":"closed","ping_status":"closed","template":"","meta":{"footnotes":""},"class_list":["post-1151","page","type-page","status-publish","hentry"],"yoast_head":"<!-- This site is optimized with the Yoast SEO plugin v27.2 - https:\/\/yoast.com\/product\/yoast-seo-wordpress\/ -->\n<title>Druck - Sax Print<\/title>\n<meta name=\"description\" content=\"Professioneller Druck in Virovitica \u2013 SAX Print bietet Druck auf Textilien, Papier, Kunststoff und andere Materialien. Hochwertige Herstellung von Werbe- und Promotionsmaterialien.\" \/>\n<meta name=\"robots\" content=\"index, follow, max-snippet:-1, max-image-preview:large, max-video-preview:-1\" \/>\n<link rel=\"canonical\" href=\"https:\/\/saxprint.hr\/de\/druck\/\" \/>\n<meta property=\"og:locale\" content=\"de_DE\" \/>\n<meta property=\"og:type\" content=\"article\" \/>\n<meta property=\"og:title\" content=\"Druck - Sax Print\" \/>\n<meta property=\"og:description\" content=\"Professioneller Druck in Virovitica \u2013 SAX Print bietet Druck auf Textilien, Papier, Kunststoff und andere Materialien. Hochwertige Herstellung von Werbe- und Promotionsmaterialien.\" \/>\n<meta property=\"og:url\" content=\"https:\/\/saxprint.hr\/de\/druck\/\" \/>\n<meta property=\"og:site_name\" content=\"Sax Print\" \/>\n<meta property=\"article:modified_time\" content=\"2026-03-25T07:47:51+00:00\" \/>\n<meta property=\"og:image\" content=\"https:\/\/saxprint.hr\/wp-content\/uploads\/2026\/02\/IMG_4817.jpg\" \/>\n\t<meta property=\"og:image:width\" content=\"985\" \/>\n\t<meta property=\"og:image:height\" content=\"739\" \/>\n\t<meta property=\"og:image:type\" content=\"image\/jpeg\" \/>\n<meta name=\"twitter:card\" content=\"summary_large_image\" \/>\n<meta name=\"twitter:label1\" content=\"Gesch\u00e4tzte Lesezeit\" \/>\n\t<meta name=\"twitter:data1\" content=\"4\u00a0Minuten\" \/>\n<script type=\"application\/ld+json\" class=\"yoast-schema-graph\">{\"@context\":\"https:\/\/schema.org\",\"@graph\":[{\"@type\":\"WebPage\",\"@id\":\"https:\/\/saxprint.hr\/de\/druck\/\",\"url\":\"https:\/\/saxprint.hr\/de\/druck\/\",\"name\":\"Druck - Sax Print\",\"isPartOf\":{\"@id\":\"https:\/\/saxprint.hr\/de\/#website\"},\"datePublished\":\"2025-09-20T08:12:15+00:00\",\"dateModified\":\"2026-03-25T07:47:51+00:00\",\"description\":\"Professioneller Druck in Virovitica \u2013 SAX Print bietet Druck auf Textilien, Papier, Kunststoff und andere Materialien. Hochwertige Herstellung von Werbe- und Promotionsmaterialien.\",\"breadcrumb\":{\"@id\":\"https:\/\/saxprint.hr\/de\/druck\/#breadcrumb\"},\"inLanguage\":\"de\",\"potentialAction\":[{\"@type\":\"ReadAction\",\"target\":[\"https:\/\/saxprint.hr\/de\/druck\/\"]}]},{\"@type\":\"BreadcrumbList\",\"@id\":\"https:\/\/saxprint.hr\/de\/druck\/#breadcrumb\",\"itemListElement\":[{\"@type\":\"ListItem\",\"position\":1,\"name\":\"Home\",\"item\":\"https:\/\/saxprint.hr\/de\/startseite\/\"},{\"@type\":\"ListItem\",\"position\":2,\"name\":\"Druck\"}]},{\"@type\":\"WebSite\",\"@id\":\"https:\/\/saxprint.hr\/de\/#website\",\"url\":\"https:\/\/saxprint.hr\/de\/\",\"name\":\"Sax Print\",\"description\":\"Visokokvalitetan sitotisak na svim materijalima i dimenzijama\",\"publisher\":{\"@id\":\"https:\/\/saxprint.hr\/de\/#organization\"},\"potentialAction\":[{\"@type\":\"SearchAction\",\"target\":{\"@type\":\"EntryPoint\",\"urlTemplate\":\"https:\/\/saxprint.hr\/de\/?s={search_term_string}\"},\"query-input\":{\"@type\":\"PropertyValueSpecification\",\"valueRequired\":true,\"valueName\":\"search_term_string\"}}],\"inLanguage\":\"de\"},{\"@type\":\"Organization\",\"@id\":\"https:\/\/saxprint.hr\/de\/#organization\",\"name\":\"Sax Print\",\"url\":\"https:\/\/saxprint.hr\/de\/\",\"logo\":{\"@type\":\"ImageObject\",\"inLanguage\":\"de\",\"@id\":\"https:\/\/saxprint.hr\/de\/#\/schema\/logo\/image\/\",\"url\":\"https:\/\/saxprint.hr\/wp-content\/uploads\/2025\/09\/sax.svg\",\"contentUrl\":\"https:\/\/saxprint.hr\/wp-content\/uploads\/2025\/09\/sax.svg\",\"width\":1195,\"height\":518,\"caption\":\"Sax Print\"},\"image\":{\"@id\":\"https:\/\/saxprint.hr\/de\/#\/schema\/logo\/image\/\"}}]}<\/script>\n<!-- \/ Yoast SEO plugin. -->","yoast_head_json":{"title":"Druck - Sax Print","description":"Professioneller Druck in Virovitica \u2013 SAX Print bietet Druck auf Textilien, Papier, Kunststoff und andere Materialien. Hochwertige Herstellung von Werbe- und Promotionsmaterialien.","robots":{"index":"index","follow":"follow","max-snippet":"max-snippet:-1","max-image-preview":"max-image-preview:large","max-video-preview":"max-video-preview:-1"},"canonical":"https:\/\/saxprint.hr\/de\/druck\/","og_locale":"de_DE","og_type":"article","og_title":"Druck - Sax Print","og_description":"Professioneller Druck in Virovitica \u2013 SAX Print bietet Druck auf Textilien, Papier, Kunststoff und andere Materialien. Hochwertige Herstellung von Werbe- und Promotionsmaterialien.","og_url":"https:\/\/saxprint.hr\/de\/druck\/","og_site_name":"Sax Print","article_modified_time":"2026-03-25T07:47:51+00:00","og_image":[{"width":985,"height":739,"url":"https:\/\/saxprint.hr\/wp-content\/uploads\/2026\/02\/IMG_4817.jpg","type":"image\/jpeg"}],"twitter_card":"summary_large_image","twitter_misc":{"Gesch\u00e4tzte Lesezeit":"4\u00a0Minuten"},"schema":{"@context":"https:\/\/schema.org","@graph":[{"@type":"WebPage","@id":"https:\/\/saxprint.hr\/de\/druck\/","url":"https:\/\/saxprint.hr\/de\/druck\/","name":"Druck - Sax Print","isPartOf":{"@id":"https:\/\/saxprint.hr\/de\/#website"},"datePublished":"2025-09-20T08:12:15+00:00","dateModified":"2026-03-25T07:47:51+00:00","description":"Professioneller Druck in Virovitica \u2013 SAX Print bietet Druck auf Textilien, Papier, Kunststoff und andere Materialien. Hochwertige Herstellung von Werbe- und Promotionsmaterialien.","breadcrumb":{"@id":"https:\/\/saxprint.hr\/de\/druck\/#breadcrumb"},"inLanguage":"de","potentialAction":[{"@type":"ReadAction","target":["https:\/\/saxprint.hr\/de\/druck\/"]}]},{"@type":"BreadcrumbList","@id":"https:\/\/saxprint.hr\/de\/druck\/#breadcrumb","itemListElement":[{"@type":"ListItem","position":1,"name":"Home","item":"https:\/\/saxprint.hr\/de\/startseite\/"},{"@type":"ListItem","position":2,"name":"Druck"}]},{"@type":"WebSite","@id":"https:\/\/saxprint.hr\/de\/#website","url":"https:\/\/saxprint.hr\/de\/","name":"Sax Print","description":"Visokokvalitetan sitotisak na svim materijalima i dimenzijama","publisher":{"@id":"https:\/\/saxprint.hr\/de\/#organization"},"potentialAction":[{"@type":"SearchAction","target":{"@type":"EntryPoint","urlTemplate":"https:\/\/saxprint.hr\/de\/?s={search_term_string}"},"query-input":{"@type":"PropertyValueSpecification","valueRequired":true,"valueName":"search_term_string"}}],"inLanguage":"de"},{"@type":"Organization","@id":"https:\/\/saxprint.hr\/de\/#organization","name":"Sax Print","url":"https:\/\/saxprint.hr\/de\/","logo":{"@type":"ImageObject","inLanguage":"de","@id":"https:\/\/saxprint.hr\/de\/#\/schema\/logo\/image\/","url":"https:\/\/saxprint.hr\/wp-content\/uploads\/2025\/09\/sax.svg","contentUrl":"https:\/\/saxprint.hr\/wp-content\/uploads\/2025\/09\/sax.svg","width":1195,"height":518,"caption":"Sax Print"},"image":{"@id":"https:\/\/saxprint.hr\/de\/#\/schema\/logo\/image\/"}}]}},"_links":{"self":[{"href":"https:\/\/saxprint.hr\/de\/wp-json\/wp\/v2\/pages\/1151","targetHints":{"allow":["GET"]}}],"collection":[{"href":"https:\/\/saxprint.hr\/de\/wp-json\/wp\/v2\/pages"}],"about":[{"href":"https:\/\/saxprint.hr\/de\/wp-json\/wp\/v2\/types\/page"}],"author":[{"embeddable":true,"href":"https:\/\/saxprint.hr\/de\/wp-json\/wp\/v2\/users\/1"}],"replies":[{"embeddable":true,"href":"https:\/\/saxprint.hr\/de\/wp-json\/wp\/v2\/comments?post=1151"}],"version-history":[{"count":6,"href":"https:\/\/saxprint.hr\/de\/wp-json\/wp\/v2\/pages\/1151\/revisions"}],"predecessor-version":[{"id":1424,"href":"https:\/\/saxprint.hr\/de\/wp-json\/wp\/v2\/pages\/1151\/revisions\/1424"}],"wp:attachment":[{"href":"https:\/\/saxprint.hr\/de\/wp-json\/wp\/v2\/media?parent=1151"}],"curies":[{"name":"wp","href":"https:\/\/api.w.org\/{rel}","templated":true}]}}