{"id":1268,"date":"2026-03-06T15:25:50","date_gmt":"2026-03-06T15:25:50","guid":{"rendered":"https:\/\/saxprint.hr\/impressum\/"},"modified":"2026-04-04T12:02:49","modified_gmt":"2026-04-04T12:02:49","slug":"impressum","status":"publish","type":"page","link":"https:\/\/saxprint.hr\/de\/impressum\/","title":{"rendered":"Impressum"},"content":{"rendered":"\n<h2 class=\"wp-block-heading\">Angaben zum Herausgeber und Eigent\u00fcmer der Website<\/h2>\n\n<p>Name: <strong>SAX PRINT<\/strong><\/p>\n\n<p>Adresse:<br\/>Stjepana Radi\u0107a 85<br\/>33000 Virovitica<br\/>Kroatien<\/p>\n\n<p>Telefon:<br\/>00385 (0) 33 725 466<br\/>00385 (0) 98 271 964<\/p>\n\n<p>E-Mail:<br\/><a>info@saxprint.hr<\/a><\/p>\n\n<p>\u00d6ffnungszeiten:<br\/>Montag \u2013 Samstag<br\/>08:00 \u2013 15:00 Uhr<\/p>\n\n<hr class=\"wp-block-separator has-alpha-channel-opacity\"\/>\n\n<h2 class=\"wp-block-heading\">Website<\/h2>\n\n<p>Website:<br\/><a href=\"http:\/\/www.saxprint.hr\">www.saxprint.hr<\/a><\/p>\n\n<p>Der Inhalt dieser Website dient der Information der Nutzer \u00fcber die Dienstleistungen und Produkte der Firma SAX PRINT.<\/p>\n\n<p>Die Website <strong><a href=\"http:\/\/www.saxprint.hr\">www.saxprint.hr<\/a><\/strong> wurde erstellt und wird betreut von der Firma <strong><a href=\"https:\/\/deltacode.hr\" target=\"_blank\" rel=\"noreferrer noopener\">Delta Code<\/a><\/strong>.<\/p>\n\n<p>Bei technischen Fragen zur Funktionsweise der Website k\u00f6nnen Sie sich an den Administrator der Website wenden.<\/p>\n\n<p><\/p>\n","protected":false},"excerpt":{"rendered":"<p>Angaben zum Herausgeber und Eigent\u00fcmer der Website Name: SAX PRINT Adresse:Stjepana Radi\u0107a 8533000 ViroviticaKroatien Telefon:00385 (0) 33 725 46600385 (0) 98 271 964 E-Mail:info@saxprint.hr \u00d6ffnungszeiten:Montag \u2013 Samstag08:00 \u2013 15:00 Uhr Website Website:www.saxprint.hr Der Inhalt dieser Website dient der Information der Nutzer \u00fcber die Dienstleistungen und Produkte der Firma SAX PRINT. Die Website www.saxprint.hr wurde erstellt [&hellip;]<\/p>\n","protected":false},"author":1,"featured_media":0,"parent":0,"menu_order":0,"comment_status":"closed","ping_status":"closed","template":"","meta":{"footnotes":""},"class_list":["post-1268","page","type-page","status-publish","hentry"],"yoast_head":"<!-- This site is optimized with the Yoast SEO plugin v27.2 - https:\/\/yoast.com\/product\/yoast-seo-wordpress\/ -->\n<title>Impressum - Sax Print<\/title>\n<meta name=\"robots\" content=\"index, follow, max-snippet:-1, max-image-preview:large, max-video-preview:-1\" \/>\n<link rel=\"canonical\" href=\"https:\/\/saxprint.hr\/de\/impressum\/\" \/>\n<meta property=\"og:locale\" content=\"de_DE\" \/>\n<meta property=\"og:type\" content=\"article\" \/>\n<meta property=\"og:title\" content=\"Impressum - Sax Print\" \/>\n<meta property=\"og:description\" content=\"Angaben zum Herausgeber und Eigent\u00fcmer der Website Name: SAX PRINT Adresse:Stjepana Radi\u0107a 8533000 ViroviticaKroatien Telefon:00385 (0) 33 725 46600385 (0) 98 271 964 E-Mail:info@saxprint.hr \u00d6ffnungszeiten:Montag \u2013 Samstag08:00 \u2013 15:00 Uhr Website Website:www.saxprint.hr Der Inhalt dieser Website dient der Information der Nutzer \u00fcber die Dienstleistungen und Produkte der Firma SAX PRINT. Die Website www.saxprint.hr wurde erstellt [&hellip;]\" \/>\n<meta property=\"og:url\" content=\"https:\/\/saxprint.hr\/de\/impressum\/\" \/>\n<meta property=\"og:site_name\" content=\"Sax Print\" \/>\n<meta property=\"article:modified_time\" content=\"2026-04-04T12:02:49+00:00\" \/>\n<meta property=\"og:image\" content=\"https:\/\/saxprint.hr\/wp-content\/uploads\/2026\/02\/IMG_4817.jpg\" \/>\n\t<meta property=\"og:image:width\" content=\"985\" \/>\n\t<meta property=\"og:image:height\" content=\"739\" \/>\n\t<meta property=\"og:image:type\" content=\"image\/jpeg\" \/>\n<meta name=\"twitter:card\" content=\"summary_large_image\" \/>\n<script type=\"application\/ld+json\" class=\"yoast-schema-graph\">{\"@context\":\"https:\/\/schema.org\",\"@graph\":[{\"@type\":\"WebPage\",\"@id\":\"https:\/\/saxprint.hr\/de\/impressum\/\",\"url\":\"https:\/\/saxprint.hr\/de\/impressum\/\",\"name\":\"Impressum - Sax Print\",\"isPartOf\":{\"@id\":\"https:\/\/saxprint.hr\/de\/#website\"},\"datePublished\":\"2026-03-06T15:25:50+00:00\",\"dateModified\":\"2026-04-04T12:02:49+00:00\",\"breadcrumb\":{\"@id\":\"https:\/\/saxprint.hr\/de\/impressum\/#breadcrumb\"},\"inLanguage\":\"de\",\"potentialAction\":[{\"@type\":\"ReadAction\",\"target\":[\"https:\/\/saxprint.hr\/de\/impressum\/\"]}]},{\"@type\":\"BreadcrumbList\",\"@id\":\"https:\/\/saxprint.hr\/de\/impressum\/#breadcrumb\",\"itemListElement\":[{\"@type\":\"ListItem\",\"position\":1,\"name\":\"Home\",\"item\":\"https:\/\/saxprint.hr\/de\/startseite\/\"},{\"@type\":\"ListItem\",\"position\":2,\"name\":\"Impressum\"}]},{\"@type\":\"WebSite\",\"@id\":\"https:\/\/saxprint.hr\/de\/#website\",\"url\":\"https:\/\/saxprint.hr\/de\/\",\"name\":\"Sax Print\",\"description\":\"Visokokvalitetan sitotisak na svim materijalima i dimenzijama\",\"publisher\":{\"@id\":\"https:\/\/saxprint.hr\/de\/#organization\"},\"potentialAction\":[{\"@type\":\"SearchAction\",\"target\":{\"@type\":\"EntryPoint\",\"urlTemplate\":\"https:\/\/saxprint.hr\/de\/?s={search_term_string}\"},\"query-input\":{\"@type\":\"PropertyValueSpecification\",\"valueRequired\":true,\"valueName\":\"search_term_string\"}}],\"inLanguage\":\"de\"},{\"@type\":\"Organization\",\"@id\":\"https:\/\/saxprint.hr\/de\/#organization\",\"name\":\"Sax Print\",\"url\":\"https:\/\/saxprint.hr\/de\/\",\"logo\":{\"@type\":\"ImageObject\",\"inLanguage\":\"de\",\"@id\":\"https:\/\/saxprint.hr\/de\/#\/schema\/logo\/image\/\",\"url\":\"https:\/\/saxprint.hr\/wp-content\/uploads\/2025\/09\/sax.svg\",\"contentUrl\":\"https:\/\/saxprint.hr\/wp-content\/uploads\/2025\/09\/sax.svg\",\"width\":1195,\"height\":518,\"caption\":\"Sax Print\"},\"image\":{\"@id\":\"https:\/\/saxprint.hr\/de\/#\/schema\/logo\/image\/\"}}]}<\/script>\n<!-- \/ Yoast SEO plugin. -->","yoast_head_json":{"title":"Impressum - Sax Print","robots":{"index":"index","follow":"follow","max-snippet":"max-snippet:-1","max-image-preview":"max-image-preview:large","max-video-preview":"max-video-preview:-1"},"canonical":"https:\/\/saxprint.hr\/de\/impressum\/","og_locale":"de_DE","og_type":"article","og_title":"Impressum - Sax Print","og_description":"Angaben zum Herausgeber und Eigent\u00fcmer der Website Name: SAX PRINT Adresse:Stjepana Radi\u0107a 8533000 ViroviticaKroatien Telefon:00385 (0) 33 725 46600385 (0) 98 271 964 E-Mail:info@saxprint.hr \u00d6ffnungszeiten:Montag \u2013 Samstag08:00 \u2013 15:00 Uhr Website Website:www.saxprint.hr Der Inhalt dieser Website dient der Information der Nutzer \u00fcber die Dienstleistungen und Produkte der Firma SAX PRINT. Die Website www.saxprint.hr wurde erstellt [&hellip;]","og_url":"https:\/\/saxprint.hr\/de\/impressum\/","og_site_name":"Sax Print","article_modified_time":"2026-04-04T12:02:49+00:00","og_image":[{"width":985,"height":739,"url":"https:\/\/saxprint.hr\/wp-content\/uploads\/2026\/02\/IMG_4817.jpg","type":"image\/jpeg"}],"twitter_card":"summary_large_image","schema":{"@context":"https:\/\/schema.org","@graph":[{"@type":"WebPage","@id":"https:\/\/saxprint.hr\/de\/impressum\/","url":"https:\/\/saxprint.hr\/de\/impressum\/","name":"Impressum - Sax Print","isPartOf":{"@id":"https:\/\/saxprint.hr\/de\/#website"},"datePublished":"2026-03-06T15:25:50+00:00","dateModified":"2026-04-04T12:02:49+00:00","breadcrumb":{"@id":"https:\/\/saxprint.hr\/de\/impressum\/#breadcrumb"},"inLanguage":"de","potentialAction":[{"@type":"ReadAction","target":["https:\/\/saxprint.hr\/de\/impressum\/"]}]},{"@type":"BreadcrumbList","@id":"https:\/\/saxprint.hr\/de\/impressum\/#breadcrumb","itemListElement":[{"@type":"ListItem","position":1,"name":"Home","item":"https:\/\/saxprint.hr\/de\/startseite\/"},{"@type":"ListItem","position":2,"name":"Impressum"}]},{"@type":"WebSite","@id":"https:\/\/saxprint.hr\/de\/#website","url":"https:\/\/saxprint.hr\/de\/","name":"Sax Print","description":"Visokokvalitetan sitotisak na svim materijalima i dimenzijama","publisher":{"@id":"https:\/\/saxprint.hr\/de\/#organization"},"potentialAction":[{"@type":"SearchAction","target":{"@type":"EntryPoint","urlTemplate":"https:\/\/saxprint.hr\/de\/?s={search_term_string}"},"query-input":{"@type":"PropertyValueSpecification","valueRequired":true,"valueName":"search_term_string"}}],"inLanguage":"de"},{"@type":"Organization","@id":"https:\/\/saxprint.hr\/de\/#organization","name":"Sax Print","url":"https:\/\/saxprint.hr\/de\/","logo":{"@type":"ImageObject","inLanguage":"de","@id":"https:\/\/saxprint.hr\/de\/#\/schema\/logo\/image\/","url":"https:\/\/saxprint.hr\/wp-content\/uploads\/2025\/09\/sax.svg","contentUrl":"https:\/\/saxprint.hr\/wp-content\/uploads\/2025\/09\/sax.svg","width":1195,"height":518,"caption":"Sax Print"},"image":{"@id":"https:\/\/saxprint.hr\/de\/#\/schema\/logo\/image\/"}}]}},"_links":{"self":[{"href":"https:\/\/saxprint.hr\/de\/wp-json\/wp\/v2\/pages\/1268","targetHints":{"allow":["GET"]}}],"collection":[{"href":"https:\/\/saxprint.hr\/de\/wp-json\/wp\/v2\/pages"}],"about":[{"href":"https:\/\/saxprint.hr\/de\/wp-json\/wp\/v2\/types\/page"}],"author":[{"embeddable":true,"href":"https:\/\/saxprint.hr\/de\/wp-json\/wp\/v2\/users\/1"}],"replies":[{"embeddable":true,"href":"https:\/\/saxprint.hr\/de\/wp-json\/wp\/v2\/comments?post=1268"}],"version-history":[{"count":4,"href":"https:\/\/saxprint.hr\/de\/wp-json\/wp\/v2\/pages\/1268\/revisions"}],"predecessor-version":[{"id":1434,"href":"https:\/\/saxprint.hr\/de\/wp-json\/wp\/v2\/pages\/1268\/revisions\/1434"}],"wp:attachment":[{"href":"https:\/\/saxprint.hr\/de\/wp-json\/wp\/v2\/media?parent=1268"}],"curies":[{"name":"wp","href":"https:\/\/api.w.org\/{rel}","templated":true}]}}