{"id":1302,"date":"2026-03-06T15:26:58","date_gmt":"2026-03-06T15:26:58","guid":{"rendered":"https:\/\/saxprint.hr\/cookie-hinweis\/"},"modified":"2026-03-15T17:05:16","modified_gmt":"2026-03-15T17:05:16","slug":"cookie-hinweis","status":"publish","type":"page","link":"https:\/\/saxprint.hr\/de\/cookie-hinweis\/","title":{"rendered":"Cookie-Hinweis"},"content":{"rendered":"\n<p>Die Website <strong>saxprint.hr<\/strong> verwendet Cookies, um die korrekte Funktion der Website zu gew\u00e4hrleisten und das Nutzererlebnis zu verbessern.<\/p>\n\n<h2 class=\"wp-block-heading\">Was sind Cookies?<\/h2>\n\n<p>Cookies (engl. <em>cookies<\/em>) sind kleine Textdateien, die auf Ihrem Computer oder Mobilger\u00e4t gespeichert werden, wenn Sie eine Website besuchen. Sie erm\u00f6glichen es der Website, Ihre Einstellungen und Aktivit\u00e4ten zu speichern, um Ihnen ein besseres Nutzererlebnis zu bieten.<\/p>\n\n<h2 class=\"wp-block-heading\">Welche Cookies wir verwenden<\/h2>\n\n<p>Auf dieser Website verwenden wir die folgenden Arten von Cookies:<\/p>\n\n<h3 class=\"wp-block-heading\">Notwendige Cookies<\/h3>\n\n<p>Diese Cookies sind f\u00fcr die grundlegende Funktion der Website erforderlich und k\u00f6nnen in unseren Systemen nicht deaktiviert werden. Sie erm\u00f6glichen grundlegende Funktionen wie das Senden von Kontaktformularen und die Sicherheit der Website.<\/p>\n\n<h2 class=\"wp-block-heading\">Cookie-Verwaltung<\/h2>\n\n<p>Der Nutzer kann Cookies jederzeit \u00fcber die Einstellungen seines Internetbrowsers kontrollieren und l\u00f6schen.<\/p>\n\n<p>Die meisten Browser akzeptieren Cookies automatisch, aber Sie k\u00f6nnen die Einstellungen \u00e4ndern, um Cookies abzulehnen oder eine Benachrichtigung zu erhalten, wenn ein Cookie an Ihr Ger\u00e4t gesendet wird.<\/p>\n\n<h2 class=\"wp-block-heading\">Kontakt<\/h2>\n\n<p>F\u00fcr weitere Informationen zur Verwendung von Cookies k\u00f6nnen Sie uns kontaktieren:<\/p>\n\n<p>E-Mail: <strong><a>info@sax-print.hr<\/a><\/strong><br\/>Telefon: <strong>00385 (0) 33 725 466<\/strong><\/p>\n","protected":false},"excerpt":{"rendered":"<p>Die Website saxprint.hr verwendet Cookies, um die korrekte Funktion der Website zu gew\u00e4hrleisten und das Nutzererlebnis zu verbessern. Was sind Cookies? Cookies (engl. cookies) sind kleine Textdateien, die auf Ihrem Computer oder Mobilger\u00e4t gespeichert werden, wenn Sie eine Website besuchen. Sie erm\u00f6glichen es der Website, Ihre Einstellungen und Aktivit\u00e4ten zu speichern, um Ihnen ein besseres [&hellip;]<\/p>\n","protected":false},"author":1,"featured_media":0,"parent":0,"menu_order":0,"comment_status":"closed","ping_status":"closed","template":"","meta":{"footnotes":""},"class_list":["post-1302","page","type-page","status-publish","hentry"],"yoast_head":"<!-- This site is optimized with the Yoast SEO plugin v27.2 - https:\/\/yoast.com\/product\/yoast-seo-wordpress\/ -->\n<title>Cookie-Hinweis - Sax Print<\/title>\n<meta name=\"robots\" content=\"index, follow, max-snippet:-1, max-image-preview:large, max-video-preview:-1\" \/>\n<link rel=\"canonical\" href=\"https:\/\/saxprint.hr\/de\/cookie-hinweis\/\" \/>\n<meta property=\"og:locale\" content=\"de_DE\" \/>\n<meta property=\"og:type\" content=\"article\" \/>\n<meta property=\"og:title\" content=\"Cookie-Hinweis - Sax Print\" \/>\n<meta property=\"og:description\" content=\"Die Website saxprint.hr verwendet Cookies, um die korrekte Funktion der Website zu gew\u00e4hrleisten und das Nutzererlebnis zu verbessern. Was sind Cookies? Cookies (engl. cookies) sind kleine Textdateien, die auf Ihrem Computer oder Mobilger\u00e4t gespeichert werden, wenn Sie eine Website besuchen. Sie erm\u00f6glichen es der Website, Ihre Einstellungen und Aktivit\u00e4ten zu speichern, um Ihnen ein besseres [&hellip;]\" \/>\n<meta property=\"og:url\" content=\"https:\/\/saxprint.hr\/de\/cookie-hinweis\/\" \/>\n<meta property=\"og:site_name\" content=\"Sax Print\" \/>\n<meta property=\"article:modified_time\" content=\"2026-03-15T17:05:16+00:00\" \/>\n<meta property=\"og:image\" content=\"https:\/\/saxprint.hr\/wp-content\/uploads\/2026\/02\/IMG_4817.jpg\" \/>\n\t<meta property=\"og:image:width\" content=\"985\" \/>\n\t<meta property=\"og:image:height\" content=\"739\" \/>\n\t<meta property=\"og:image:type\" content=\"image\/jpeg\" \/>\n<meta name=\"twitter:card\" content=\"summary_large_image\" \/>\n<meta name=\"twitter:label1\" content=\"Gesch\u00e4tzte Lesezeit\" \/>\n\t<meta name=\"twitter:data1\" content=\"1\u00a0Minute\" \/>\n<script type=\"application\/ld+json\" class=\"yoast-schema-graph\">{\"@context\":\"https:\/\/schema.org\",\"@graph\":[{\"@type\":\"WebPage\",\"@id\":\"https:\/\/saxprint.hr\/de\/cookie-hinweis\/\",\"url\":\"https:\/\/saxprint.hr\/de\/cookie-hinweis\/\",\"name\":\"Cookie-Hinweis - Sax Print\",\"isPartOf\":{\"@id\":\"https:\/\/saxprint.hr\/de\/#website\"},\"datePublished\":\"2026-03-06T15:26:58+00:00\",\"dateModified\":\"2026-03-15T17:05:16+00:00\",\"breadcrumb\":{\"@id\":\"https:\/\/saxprint.hr\/de\/cookie-hinweis\/#breadcrumb\"},\"inLanguage\":\"de\",\"potentialAction\":[{\"@type\":\"ReadAction\",\"target\":[\"https:\/\/saxprint.hr\/de\/cookie-hinweis\/\"]}]},{\"@type\":\"BreadcrumbList\",\"@id\":\"https:\/\/saxprint.hr\/de\/cookie-hinweis\/#breadcrumb\",\"itemListElement\":[{\"@type\":\"ListItem\",\"position\":1,\"name\":\"Home\",\"item\":\"https:\/\/saxprint.hr\/de\/startseite\/\"},{\"@type\":\"ListItem\",\"position\":2,\"name\":\"Cookie-Hinweis\"}]},{\"@type\":\"WebSite\",\"@id\":\"https:\/\/saxprint.hr\/de\/#website\",\"url\":\"https:\/\/saxprint.hr\/de\/\",\"name\":\"Sax Print\",\"description\":\"Visokokvalitetan sitotisak na svim materijalima i dimenzijama\",\"publisher\":{\"@id\":\"https:\/\/saxprint.hr\/de\/#organization\"},\"potentialAction\":[{\"@type\":\"SearchAction\",\"target\":{\"@type\":\"EntryPoint\",\"urlTemplate\":\"https:\/\/saxprint.hr\/de\/?s={search_term_string}\"},\"query-input\":{\"@type\":\"PropertyValueSpecification\",\"valueRequired\":true,\"valueName\":\"search_term_string\"}}],\"inLanguage\":\"de\"},{\"@type\":\"Organization\",\"@id\":\"https:\/\/saxprint.hr\/de\/#organization\",\"name\":\"Sax Print\",\"url\":\"https:\/\/saxprint.hr\/de\/\",\"logo\":{\"@type\":\"ImageObject\",\"inLanguage\":\"de\",\"@id\":\"https:\/\/saxprint.hr\/de\/#\/schema\/logo\/image\/\",\"url\":\"https:\/\/saxprint.hr\/wp-content\/uploads\/2025\/09\/sax.svg\",\"contentUrl\":\"https:\/\/saxprint.hr\/wp-content\/uploads\/2025\/09\/sax.svg\",\"width\":1195,\"height\":518,\"caption\":\"Sax Print\"},\"image\":{\"@id\":\"https:\/\/saxprint.hr\/de\/#\/schema\/logo\/image\/\"}}]}<\/script>\n<!-- \/ Yoast SEO plugin. -->","yoast_head_json":{"title":"Cookie-Hinweis - Sax Print","robots":{"index":"index","follow":"follow","max-snippet":"max-snippet:-1","max-image-preview":"max-image-preview:large","max-video-preview":"max-video-preview:-1"},"canonical":"https:\/\/saxprint.hr\/de\/cookie-hinweis\/","og_locale":"de_DE","og_type":"article","og_title":"Cookie-Hinweis - Sax Print","og_description":"Die Website saxprint.hr verwendet Cookies, um die korrekte Funktion der Website zu gew\u00e4hrleisten und das Nutzererlebnis zu verbessern. Was sind Cookies? Cookies (engl. cookies) sind kleine Textdateien, die auf Ihrem Computer oder Mobilger\u00e4t gespeichert werden, wenn Sie eine Website besuchen. Sie erm\u00f6glichen es der Website, Ihre Einstellungen und Aktivit\u00e4ten zu speichern, um Ihnen ein besseres [&hellip;]","og_url":"https:\/\/saxprint.hr\/de\/cookie-hinweis\/","og_site_name":"Sax Print","article_modified_time":"2026-03-15T17:05:16+00:00","og_image":[{"width":985,"height":739,"url":"https:\/\/saxprint.hr\/wp-content\/uploads\/2026\/02\/IMG_4817.jpg","type":"image\/jpeg"}],"twitter_card":"summary_large_image","twitter_misc":{"Gesch\u00e4tzte Lesezeit":"1\u00a0Minute"},"schema":{"@context":"https:\/\/schema.org","@graph":[{"@type":"WebPage","@id":"https:\/\/saxprint.hr\/de\/cookie-hinweis\/","url":"https:\/\/saxprint.hr\/de\/cookie-hinweis\/","name":"Cookie-Hinweis - Sax Print","isPartOf":{"@id":"https:\/\/saxprint.hr\/de\/#website"},"datePublished":"2026-03-06T15:26:58+00:00","dateModified":"2026-03-15T17:05:16+00:00","breadcrumb":{"@id":"https:\/\/saxprint.hr\/de\/cookie-hinweis\/#breadcrumb"},"inLanguage":"de","potentialAction":[{"@type":"ReadAction","target":["https:\/\/saxprint.hr\/de\/cookie-hinweis\/"]}]},{"@type":"BreadcrumbList","@id":"https:\/\/saxprint.hr\/de\/cookie-hinweis\/#breadcrumb","itemListElement":[{"@type":"ListItem","position":1,"name":"Home","item":"https:\/\/saxprint.hr\/de\/startseite\/"},{"@type":"ListItem","position":2,"name":"Cookie-Hinweis"}]},{"@type":"WebSite","@id":"https:\/\/saxprint.hr\/de\/#website","url":"https:\/\/saxprint.hr\/de\/","name":"Sax Print","description":"Visokokvalitetan sitotisak na svim materijalima i dimenzijama","publisher":{"@id":"https:\/\/saxprint.hr\/de\/#organization"},"potentialAction":[{"@type":"SearchAction","target":{"@type":"EntryPoint","urlTemplate":"https:\/\/saxprint.hr\/de\/?s={search_term_string}"},"query-input":{"@type":"PropertyValueSpecification","valueRequired":true,"valueName":"search_term_string"}}],"inLanguage":"de"},{"@type":"Organization","@id":"https:\/\/saxprint.hr\/de\/#organization","name":"Sax Print","url":"https:\/\/saxprint.hr\/de\/","logo":{"@type":"ImageObject","inLanguage":"de","@id":"https:\/\/saxprint.hr\/de\/#\/schema\/logo\/image\/","url":"https:\/\/saxprint.hr\/wp-content\/uploads\/2025\/09\/sax.svg","contentUrl":"https:\/\/saxprint.hr\/wp-content\/uploads\/2025\/09\/sax.svg","width":1195,"height":518,"caption":"Sax Print"},"image":{"@id":"https:\/\/saxprint.hr\/de\/#\/schema\/logo\/image\/"}}]}},"_links":{"self":[{"href":"https:\/\/saxprint.hr\/de\/wp-json\/wp\/v2\/pages\/1302","targetHints":{"allow":["GET"]}}],"collection":[{"href":"https:\/\/saxprint.hr\/de\/wp-json\/wp\/v2\/pages"}],"about":[{"href":"https:\/\/saxprint.hr\/de\/wp-json\/wp\/v2\/types\/page"}],"author":[{"embeddable":true,"href":"https:\/\/saxprint.hr\/de\/wp-json\/wp\/v2\/users\/1"}],"replies":[{"embeddable":true,"href":"https:\/\/saxprint.hr\/de\/wp-json\/wp\/v2\/comments?post=1302"}],"version-history":[{"count":1,"href":"https:\/\/saxprint.hr\/de\/wp-json\/wp\/v2\/pages\/1302\/revisions"}],"predecessor-version":[{"id":1303,"href":"https:\/\/saxprint.hr\/de\/wp-json\/wp\/v2\/pages\/1302\/revisions\/1303"}],"wp:attachment":[{"href":"https:\/\/saxprint.hr\/de\/wp-json\/wp\/v2\/media?parent=1302"}],"curies":[{"name":"wp","href":"https:\/\/api.w.org\/{rel}","templated":true}]}}